{"id":1003,"date":"2023-07-05T01:10:42","date_gmt":"2023-07-05T01:10:42","guid":{"rendered":"https:\/\/divingfuns.com\/es\/?post_type=product&#038;p=1003"},"modified":"2026-03-26T16:24:49","modified_gmt":"2026-03-26T16:24:49","slug":"curso-divemaster-nitrox","status":"publish","type":"product","link":"https:\/\/divingfuns.com\/es\/product\/curso-divemaster-nitrox\/","title":{"rendered":"CURSO 11 Divemaster"},"content":{"rendered":"<p><strong>L\u00edder de Buceo<\/strong><\/p>\n<p>Divemaster es el primer nivel profesional, donde los buceadores se fijan en ellos como l\u00edderes que asesoran y motivan a los dem\u00e1s. Como divemaster, no solo vas a bucear mucho, sino que tambi\u00e9n experimentas de ver a otros buceadores divertirse tanto como a ti. Perfeccionaras tus t\u00e9cnicas de buceo, como dominar tu flotabilidad inm\u00f3vil sin esfuerzo y mejoras tus t\u00e9cnicas de rescate de modo que puedes anticipar f\u00e1cilmente los problemas m\u00e1s comunes. Aumentar\u00e1s tus conocimientos de buceo, tus capacidades de gesti\u00f3n y supervisi\u00f3n de forma que te conviertes en un modelo para los buceadores de todo el mundo.<\/p>\n<p>Como Divemaster, guiaras a otros buceadores cuando supervises actividades de buceo y ayudes con el entrenamiento de buceadores puedes trabajar en cualquier lugar del mundo, la aventura de tu vida te espera.<\/p>\n<p>\ud83d\udd39 Edad m\u00ednima 18 a\u00f1os<br \/>\n\ud83d\udd39 Entrenamiento en primeros exilios dentro de 24 horas<br \/>\n\ud83d\udd39Nivel Rescue Diver<br \/>\n\ud83d\udd39M\u00ednimo 40 inmersiones para empezar 60 para certificarse<br \/>\n\ud83d\udd39Duraci\u00f3n de 10 a 15 d\u00edas<\/p>\n<p><strong>INCLUYE<\/strong><br \/>\n\ud83d\udd39 Teor\u00eda-Practica<br \/>\n\ud83d\udd39 Crew-Pak de Divemaster<br \/>\n\ud83d\udd39 Equipo Para Entrenamiento<br \/>\n\ud83d\udd39 20 Inmersiones<br \/>\n\ud83d\udd39 Snack-Agua<br \/>\n\ud83d\udd39 Entrenamiento aguas confinadas y abiertas<br \/>\n\ud83d\udd39 Seguro Colasistencia<\/p>\n<p><strong>NO INCLUYE:<\/strong> Aplicaci\u00f3n<\/p>\n<p>Nota: Cobraremos una tasa de cancelaci\u00f3n del 50% del abono si cancelas la reserva 72 horas antes de empezar la actividad.<br \/>\nCobramos una tasa de cancelaci\u00f3n del 70% del abono si cancelas la reserva 12 horas antes de empezar la actividad.<\/p>\n","protected":false},"excerpt":{"rendered":"<p>L\u00edder de Buceo Divemaster es el primer nivel profesional, donde los buceadores se fijan en ellos como l\u00edderes que asesoran y motivan a los dem\u00e1s. Como divemaster, no solo vas [&hellip;]<\/p>\n","protected":false},"featured_media":1544,"comment_status":"open","ping_status":"closed","template":"","meta":[],"product_brand":[],"product_cat":[46],"product_tag":[],"class_list":{"0":"post-1003","1":"product","2":"type-product","3":"status-publish","4":"has-post-thumbnail","6":"product_cat-cursos","8":"first","9":"onbackorder","10":"sale","11":"downloadable","12":"virtual","13":"purchasable","14":"product-type-simple"},"_links":{"self":[{"href":"https:\/\/divingfuns.com\/es\/wp-json\/wp\/v2\/product\/1003","targetHints":{"allow":["GET"]}}],"collection":[{"href":"https:\/\/divingfuns.com\/es\/wp-json\/wp\/v2\/product"}],"about":[{"href":"https:\/\/divingfuns.com\/es\/wp-json\/wp\/v2\/types\/product"}],"replies":[{"embeddable":true,"href":"https:\/\/divingfuns.com\/es\/wp-json\/wp\/v2\/comments?post=1003"}],"wp:featuredmedia":[{"embeddable":true,"href":"https:\/\/divingfuns.com\/es\/wp-json\/wp\/v2\/media\/1544"}],"wp:attachment":[{"href":"https:\/\/divingfuns.com\/es\/wp-json\/wp\/v2\/media?parent=1003"}],"wp:term":[{"taxonomy":"product_brand","embeddable":true,"href":"https:\/\/divingfuns.com\/es\/wp-json\/wp\/v2\/product_brand?post=1003"},{"taxonomy":"product_cat","embeddable":true,"href":"https:\/\/divingfuns.com\/es\/wp-json\/wp\/v2\/product_cat?post=1003"},{"taxonomy":"product_tag","embeddable":true,"href":"https:\/\/divingfuns.com\/es\/wp-json\/wp\/v2\/product_tag?post=1003"}],"curies":[{"name":"wp","href":"https:\/\/api.w.org\/{rel}","templated":true}]}}