{"id":1030,"date":"2023-07-05T19:38:31","date_gmt":"2023-07-05T19:38:31","guid":{"rendered":"https:\/\/divingfuns.com\/es\/?post_type=product&#038;p=1030"},"modified":"2026-03-26T16:08:48","modified_gmt":"2026-03-26T16:08:48","slug":"curso-09-padi-rescue-diver-nitrox","status":"publish","type":"product","link":"https:\/\/divingfuns.com\/es\/product\/curso-09-padi-rescue-diver-nitrox\/","title":{"rendered":"CURSO 09 Rescue Diver + Nitrox"},"content":{"rendered":"<p><strong>Curso Rescate &#8211; Nitrox<\/strong><\/p>\n<p>Es el curso m\u00e1s gratificante de todos los que has hecho. Porque aprendes a prevenir y gestionar problemas en el agua y te conviertes en un buceador m\u00e1s confiado con tus destrezas, sabiendo que puedes ayudar a otros si lo necesitan, aprendes a convertirte en el mejor compa\u00f1ero practicando t\u00e9cnicas de resoluci\u00f3n de problemas adem\u00e1s de ser muy divertido &#8211; pero serio, y la<\/p>\n<p>\ud83d\udd39 Edad m\u00ednima 12 a\u00f1os<br \/>\n\ud83d\udd39 Nivel Adventure Diver<br \/>\n\ud83d\udd39 Duraci\u00f3n 15 horas<\/p>\n<p><strong>INCLUYE<\/strong><br \/>\n\ud83d\udd39 Teor\u00eda-Practica<br \/>\n\ud83d\udd39 Manual con Tabla<br \/>\n\ud83d\udd39 Carnet De Certificaci\u00f3n<br \/>\n\ud83d\udd39 Equipo Para Entrenamiento<br \/>\n\ud83d\udd39 2 Inmersiones NITROX<br \/>\n\ud83d\udd39 Snack-Agua<br \/>\n\ud83d\udd39 Traslado hotel-punto buceo-hotel<br \/>\n\ud83d\udd39 Seguro Colasistencia<\/p>\n<p><strong>Nota:<\/strong> Cobraremos una tasa de cancelaci\u00f3n del 50% del abono si cancelas la reserva 72 horas antes de empezar la actividad.<br \/>\nCobramos una tasa de cancelaci\u00f3n del 70% del abono si cancelas la reserva 12 horas antes de empezar la actividad.<\/p>\n","protected":false},"excerpt":{"rendered":"<p>Curso Rescate &#8211; Nitrox Es el curso m\u00e1s gratificante de todos los que has hecho. Porque aprendes a prevenir y gestionar problemas en el agua y te conviertes en un [&hellip;]<\/p>\n","protected":false},"featured_media":1566,"comment_status":"open","ping_status":"closed","template":"","meta":[],"product_brand":[],"product_cat":[46],"product_tag":[],"class_list":{"0":"post-1030","1":"product","2":"type-product","3":"status-publish","4":"has-post-thumbnail","6":"product_cat-cursos","8":"first","9":"onbackorder","10":"sale","11":"downloadable","12":"virtual","13":"purchasable","14":"product-type-simple"},"_links":{"self":[{"href":"https:\/\/divingfuns.com\/es\/wp-json\/wp\/v2\/product\/1030","targetHints":{"allow":["GET"]}}],"collection":[{"href":"https:\/\/divingfuns.com\/es\/wp-json\/wp\/v2\/product"}],"about":[{"href":"https:\/\/divingfuns.com\/es\/wp-json\/wp\/v2\/types\/product"}],"replies":[{"embeddable":true,"href":"https:\/\/divingfuns.com\/es\/wp-json\/wp\/v2\/comments?post=1030"}],"wp:featuredmedia":[{"embeddable":true,"href":"https:\/\/divingfuns.com\/es\/wp-json\/wp\/v2\/media\/1566"}],"wp:attachment":[{"href":"https:\/\/divingfuns.com\/es\/wp-json\/wp\/v2\/media?parent=1030"}],"wp:term":[{"taxonomy":"product_brand","embeddable":true,"href":"https:\/\/divingfuns.com\/es\/wp-json\/wp\/v2\/product_brand?post=1030"},{"taxonomy":"product_cat","embeddable":true,"href":"https:\/\/divingfuns.com\/es\/wp-json\/wp\/v2\/product_cat?post=1030"},{"taxonomy":"product_tag","embeddable":true,"href":"https:\/\/divingfuns.com\/es\/wp-json\/wp\/v2\/product_tag?post=1030"}],"curies":[{"name":"wp","href":"https:\/\/api.w.org\/{rel}","templated":true}]}}