{"id":1069,"date":"2023-07-15T18:12:35","date_gmt":"2023-07-15T18:12:35","guid":{"rendered":"https:\/\/divingfuns.com\/es\/?post_type=product&#038;p=1069"},"modified":"2026-03-29T15:38:19","modified_gmt":"2026-03-29T15:38:19","slug":"especialidad-adaptive-support-diver","status":"publish","type":"product","link":"https:\/\/divingfuns.com\/es\/product\/especialidad-adaptive-support-diver\/","title":{"rendered":"ESPECIALIDAD: Adaptive Support Dive"},"content":{"rendered":"<p><strong>Buceador Apoyo Adaptable<\/strong><\/p>\n<p>Quieres aprender c\u00f3mo apoyar mejor a un compa\u00f1ero con una limitaci\u00f3n mental o f\u00edsica? El curso PADI\u00ae Adaptive Support Diver aumentar\u00e1 tu consciencia acerca de las diferentes habilidades de los buceadores, e investiga las t\u00e9cnicas adaptativas a aplicar al bucear o hacer freediving con un compa\u00f1ero con una discapacidad.<\/p>\n<p>Los PADI Open Water Divers o PADI Freedivers que tengan al menos 15 a\u00f1os de edad y hayan completado el curso EFR Primary and Secondary Care dentro de los \u00faltimos 24 meses se cualifican para realizar el curso PADI Adaptive Support Diver. Tambi\u00e9n se recomienda completar el curso PADI Peak Performance Buoyancy de antemano para tener una consciencia mejor acerca de la estabilidad.<\/p>\n<p><strong>Nota:<\/strong> Cobraremos una tasa de cancelaci\u00f3n del 50% del abono si cancelas la reserva 72 horas antes de empezar la actividad.<br \/>\nCobramos una tasa de cancelaci\u00f3n del 70% del abono si cancelas la reserva 12 horas antes de empezar la actividad.<\/p>\n<p>&nbsp;<\/p>\n","protected":false},"excerpt":{"rendered":"<p>Buceador Apoyo Adaptable Quieres aprender c\u00f3mo apoyar mejor a un compa\u00f1ero con una limitaci\u00f3n mental o f\u00edsica? El curso PADI\u00ae Adaptive Support Diver aumentar\u00e1 tu consciencia acerca de las diferentes [&hellip;]<\/p>\n","protected":false},"featured_media":1070,"comment_status":"open","ping_status":"closed","template":"","meta":[],"product_brand":[],"product_cat":[45,74],"product_tag":[],"class_list":{"0":"post-1069","1":"product","2":"type-product","3":"status-publish","4":"has-post-thumbnail","6":"product_cat-edu","7":"product_cat-especialidades","9":"first","10":"onbackorder","11":"sale","12":"downloadable","13":"virtual","14":"purchasable","15":"product-type-simple"},"_links":{"self":[{"href":"https:\/\/divingfuns.com\/es\/wp-json\/wp\/v2\/product\/1069","targetHints":{"allow":["GET"]}}],"collection":[{"href":"https:\/\/divingfuns.com\/es\/wp-json\/wp\/v2\/product"}],"about":[{"href":"https:\/\/divingfuns.com\/es\/wp-json\/wp\/v2\/types\/product"}],"replies":[{"embeddable":true,"href":"https:\/\/divingfuns.com\/es\/wp-json\/wp\/v2\/comments?post=1069"}],"wp:featuredmedia":[{"embeddable":true,"href":"https:\/\/divingfuns.com\/es\/wp-json\/wp\/v2\/media\/1070"}],"wp:attachment":[{"href":"https:\/\/divingfuns.com\/es\/wp-json\/wp\/v2\/media?parent=1069"}],"wp:term":[{"taxonomy":"product_brand","embeddable":true,"href":"https:\/\/divingfuns.com\/es\/wp-json\/wp\/v2\/product_brand?post=1069"},{"taxonomy":"product_cat","embeddable":true,"href":"https:\/\/divingfuns.com\/es\/wp-json\/wp\/v2\/product_cat?post=1069"},{"taxonomy":"product_tag","embeddable":true,"href":"https:\/\/divingfuns.com\/es\/wp-json\/wp\/v2\/product_tag?post=1069"}],"curies":[{"name":"wp","href":"https:\/\/api.w.org\/{rel}","templated":true}]}}