{"id":1135,"date":"2023-08-15T01:58:57","date_gmt":"2023-08-15T01:58:57","guid":{"rendered":"https:\/\/divingfuns.com\/es\/?post_type=product&#038;p=1135"},"modified":"2025-05-29T13:33:54","modified_gmt":"2025-05-29T13:33:54","slug":"especialidad-buoyancy","status":"publish","type":"product","link":"https:\/\/divingfuns.com\/es\/product\/especialidad-buoyancy\/","title":{"rendered":"ESPECIALIDAD: Buoyancy"},"content":{"rendered":"<p><strong>Buceo Flotabilidad<\/strong><\/p>\n<p>El excelente control de la flotabilidad es lo que define a los buceadores expertos a los novatos. Se deslizan sin esfuerzo, usan menos aire ascienden, descienden o se mantienen flotando inm\u00f3viles casi instintivamente. Pueden observar m\u00e1s f\u00e1cilmente la vida acu\u00e1tica sin perturbar sus entornos. El curso de PPB mejora las t\u00e9cnicas de control de flotabilidad que aprendiste como buceador novato y las eleva a un nivel superior.<\/p>\n<p>\ud83d\udd39 Edad m\u00ednima 10 a\u00f1os<br \/>\n\ud83d\udd39 Nivel Junior Open Water Diver<br \/>\n\ud83d\udd39 Duraci\u00f3n 5 horas<\/p>\n<p><strong>INCLUYE<\/strong><br \/>\n\ud83d\udd39 Teor\u00eda-Practica<br \/>\n\ud83d\udd39 Carnet De Certificaci\u00f3n<br \/>\n\ud83d\udd39 Equipo Para Entrenamiento<br \/>\n\ud83d\udd39 2 Inmersiones<br \/>\n\ud83d\udd39 Snack-Agua<br \/>\n\ud83d\udd39 Traslado hotel-punto buceo-hotel<br \/>\n\ud83d\udd39 Seguro Colasistencia<\/p>\n<p><strong>Nota:<\/strong> Cobraremos una tasa de cancelaci\u00f3n del 50% del abono si cancelas la reserva 72 horas antes de empezar la actividad.<br \/>\nCobramos una tasa de cancelaci\u00f3n del 70% del abono si cancelas la reserva 12 horas antes de empezar la actividad.<\/p>\n","protected":false},"excerpt":{"rendered":"<p>Buceo Flotabilidad El excelente control de la flotabilidad es lo que define a los buceadores expertos a los novatos. Se deslizan sin esfuerzo, usan menos aire ascienden, descienden o se [&hellip;]<\/p>\n","protected":false},"featured_media":1562,"comment_status":"open","ping_status":"closed","template":"","meta":[],"product_brand":[],"product_cat":[74],"product_tag":[],"class_list":{"0":"post-1135","1":"product","2":"type-product","3":"status-publish","4":"has-post-thumbnail","6":"product_cat-especialidades","8":"first","9":"onbackorder","10":"sale","11":"shipping-taxable","12":"purchasable","13":"product-type-simple"},"_links":{"self":[{"href":"https:\/\/divingfuns.com\/es\/wp-json\/wp\/v2\/product\/1135","targetHints":{"allow":["GET"]}}],"collection":[{"href":"https:\/\/divingfuns.com\/es\/wp-json\/wp\/v2\/product"}],"about":[{"href":"https:\/\/divingfuns.com\/es\/wp-json\/wp\/v2\/types\/product"}],"replies":[{"embeddable":true,"href":"https:\/\/divingfuns.com\/es\/wp-json\/wp\/v2\/comments?post=1135"}],"wp:featuredmedia":[{"embeddable":true,"href":"https:\/\/divingfuns.com\/es\/wp-json\/wp\/v2\/media\/1562"}],"wp:attachment":[{"href":"https:\/\/divingfuns.com\/es\/wp-json\/wp\/v2\/media?parent=1135"}],"wp:term":[{"taxonomy":"product_brand","embeddable":true,"href":"https:\/\/divingfuns.com\/es\/wp-json\/wp\/v2\/product_brand?post=1135"},{"taxonomy":"product_cat","embeddable":true,"href":"https:\/\/divingfuns.com\/es\/wp-json\/wp\/v2\/product_cat?post=1135"},{"taxonomy":"product_tag","embeddable":true,"href":"https:\/\/divingfuns.com\/es\/wp-json\/wp\/v2\/product_tag?post=1135"}],"curies":[{"name":"wp","href":"https:\/\/api.w.org\/{rel}","templated":true}]}}