{"id":1158,"date":"2024-04-18T16:23:08","date_gmt":"2024-04-18T16:23:08","guid":{"rendered":"https:\/\/divingfuns.com\/es\/?post_type=product&#038;p=1158"},"modified":"2026-03-26T15:58:41","modified_gmt":"2026-03-26T15:58:41","slug":"especialidad-fotografia-digital-submarina","status":"publish","type":"product","link":"https:\/\/divingfuns.com\/es\/product\/especialidad-fotografia-digital-submarina\/","title":{"rendered":"ESPECIALIDAD: Fotograf\u00eda Digital Submarina"},"content":{"rendered":"<p><strong>Fotograf\u00eda Digital Submarina<\/strong><\/p>\n<p>A trav\u00e9s de un entrenamiento pr\u00e1ctico durante dos inmersiones y la gu\u00eda de tu Profesional, descubrir\u00e1s: C\u00f3mo elegir el sistema de c\u00e1mara subacu\u00e1tica que te vaya bien. El m\u00e9todo SEA (Saca, Examina y Ajusta) para obtener magn\u00edficas fotos r\u00e1pidamente. Principios de buena composici\u00f3n de im\u00e1genes subacu\u00e1ticas. T\u00e9cnicas pr\u00e1cticas para tomar estupendas fotos con tu c\u00e1mara digital. \u00a1Consigue cr\u00e9dito! La segunda inmersi\u00f3n de este curso Specialty Diver puede servir como cr\u00e9dito de una Inmersi\u00f3n de Aventura para tu certificaci\u00f3n Advanced Open Water Diver.<\/p>\n<p>\ud83d\udd39 Edad m\u00ednima 10 a\u00f1os<br \/>\n\ud83d\udd39 Nivel junior Open Water Diver<br \/>\n\ud83d\udd39 Duraci\u00f3n 12 horas<\/p>\n<p><strong>INCLUYE<\/strong><br \/>\n\ud83d\udd39 Teor\u00eda-Practica<br \/>\n\ud83d\udd39 Carnet De Certificaci\u00f3n<br \/>\n\ud83d\udd39 Equipo Para Entrenamiento<br \/>\n\ud83d\udd39 2 Inmersiones<br \/>\n\ud83d\udd39 Snack-Agua<br \/>\n\ud83d\udd39 Traslado hotel-punto buceo-hotel<br \/>\n\ud83d\udd39 Seguro Colasistencia<\/p>\n<p><strong>Nota:<\/strong> Cobraremos una tasa de cancelaci\u00f3n del 50% del abono si cancelas la reserva 72 horas antes de empezar la actividad.<br \/>\nCobramos una tasa de cancelaci\u00f3n del 70% del abono si cancelas la reserva 12 horas antes de empezar la actividad.<\/p>\n","protected":false},"excerpt":{"rendered":"<p>A trav\u00e9s de un entrenamiento pr\u00e1ctico durante dos inmersiones y la gu\u00eda de tu Profesional PADI, descubrir\u00e1s: C\u00f3mo elegir el sistema de c\u00e1mara subacu\u00e1tica que te vaya bien.<\/p>\n","protected":false},"featured_media":1563,"comment_status":"open","ping_status":"closed","template":"","meta":[],"product_brand":[],"product_cat":[74],"product_tag":[90,88,89],"class_list":{"0":"post-1158","1":"product","2":"type-product","3":"status-publish","4":"has-post-thumbnail","6":"product_cat-especialidades","7":"product_tag-diving","8":"product_tag-educacion","9":"product_tag-especialidad","11":"first","12":"onbackorder","13":"sale","14":"downloadable","15":"virtual","16":"purchasable","17":"product-type-simple"},"_links":{"self":[{"href":"https:\/\/divingfuns.com\/es\/wp-json\/wp\/v2\/product\/1158","targetHints":{"allow":["GET"]}}],"collection":[{"href":"https:\/\/divingfuns.com\/es\/wp-json\/wp\/v2\/product"}],"about":[{"href":"https:\/\/divingfuns.com\/es\/wp-json\/wp\/v2\/types\/product"}],"replies":[{"embeddable":true,"href":"https:\/\/divingfuns.com\/es\/wp-json\/wp\/v2\/comments?post=1158"}],"wp:featuredmedia":[{"embeddable":true,"href":"https:\/\/divingfuns.com\/es\/wp-json\/wp\/v2\/media\/1563"}],"wp:attachment":[{"href":"https:\/\/divingfuns.com\/es\/wp-json\/wp\/v2\/media?parent=1158"}],"wp:term":[{"taxonomy":"product_brand","embeddable":true,"href":"https:\/\/divingfuns.com\/es\/wp-json\/wp\/v2\/product_brand?post=1158"},{"taxonomy":"product_cat","embeddable":true,"href":"https:\/\/divingfuns.com\/es\/wp-json\/wp\/v2\/product_cat?post=1158"},{"taxonomy":"product_tag","embeddable":true,"href":"https:\/\/divingfuns.com\/es\/wp-json\/wp\/v2\/product_tag?post=1158"}],"curies":[{"name":"wp","href":"https:\/\/api.w.org\/{rel}","templated":true}]}}