{"id":1163,"date":"2024-04-18T16:37:05","date_gmt":"2024-04-18T16:37:05","guid":{"rendered":"https:\/\/divingfuns.com\/es\/?post_type=product&#038;p=1163"},"modified":"2026-03-26T15:46:24","modified_gmt":"2026-03-26T15:46:24","slug":"especialidad-bucear-contra-escombros","status":"publish","type":"product","link":"https:\/\/divingfuns.com\/es\/product\/especialidad-bucear-contra-escombros\/","title":{"rendered":"ESPECIALIDAD: Bucear Contra Escombros"},"content":{"rendered":"<p><b>Buceo Contra Escombros<\/b><\/p>\n<p>Quieres marcar una diferencia en cada inmersi\u00f3n, pero no est\u00e1s seguro de d\u00f3nde empezar a hacerlo? Consigue los conocimientos y t\u00e9cnicas para activar a tu cient\u00edfico interior haciendo la Dive Against Debris\u00ae Specialty. Aprender\u00e1s a realizar escrutinios Dive Against Debris bajo la tutela de un Profesional y ayudar\u00e1s a mantener tus sitios de buceo locales m\u00e1s saludables eliminando basura.<\/p>\n<p>\ud83d\udd39 Edad m\u00ednima 12 a\u00f1os<br \/>\n\ud83d\udd39 Nivel Junior Open Water Diver<br \/>\n\ud83d\udd39 Duraci\u00f3n 12 horas<\/p>\n<p><strong>INCLUYE<\/strong><br \/>\n\ud83d\udd39 Teor\u00eda-Practica<br \/>\n\ud83d\udd39 Carnet De Certificaci\u00f3n<br \/>\n\ud83d\udd39 Equipo Para Entrenamiento<br \/>\n\ud83d\udd39 2 Inmersiones<br \/>\n\ud83d\udd39 Snack-Agua<br \/>\n\ud83d\udd39 Traslado hotel-punto buceo-hotel<br \/>\n\ud83d\udd39 Seguro Colasistencia<\/p>\n<p><strong>Nota:<\/strong> Cobraremos una tasa de cancelaci\u00f3n del 50% del abono si cancelas la reserva 72 horas antes de empezar la actividad.<br \/>\nCobramos una tasa de cancelaci\u00f3n del 70% del abono si cancelas la resera 12 horas antes de empezar la actividad.<\/p>\n","protected":false},"excerpt":{"rendered":"<p>Quieres marcar una diferencia en cada inmersi\u00f3n pero no est\u00e1s seguro de d\u00f3nde empezar a hacerlo? Consigue los conocimientos y t\u00e9cnicas para activar a tu cient\u00edfico interior haciendo la Dive Against Debris\u00ae Specialty.<\/p>\n","protected":false},"featured_media":1570,"comment_status":"open","ping_status":"closed","template":"","meta":[],"product_brand":[],"product_cat":[74],"product_tag":[50,56,90,88,89],"class_list":{"0":"post-1163","1":"product","2":"type-product","3":"status-publish","4":"has-post-thumbnail","6":"product_cat-especialidades","7":"product_tag-dive","8":"product_tag-diver","9":"product_tag-diving","10":"product_tag-educacion","11":"product_tag-especialidad","13":"first","14":"instock","15":"sale","16":"downloadable","17":"virtual","18":"purchasable","19":"product-type-simple"},"_links":{"self":[{"href":"https:\/\/divingfuns.com\/es\/wp-json\/wp\/v2\/product\/1163","targetHints":{"allow":["GET"]}}],"collection":[{"href":"https:\/\/divingfuns.com\/es\/wp-json\/wp\/v2\/product"}],"about":[{"href":"https:\/\/divingfuns.com\/es\/wp-json\/wp\/v2\/types\/product"}],"replies":[{"embeddable":true,"href":"https:\/\/divingfuns.com\/es\/wp-json\/wp\/v2\/comments?post=1163"}],"wp:featuredmedia":[{"embeddable":true,"href":"https:\/\/divingfuns.com\/es\/wp-json\/wp\/v2\/media\/1570"}],"wp:attachment":[{"href":"https:\/\/divingfuns.com\/es\/wp-json\/wp\/v2\/media?parent=1163"}],"wp:term":[{"taxonomy":"product_brand","embeddable":true,"href":"https:\/\/divingfuns.com\/es\/wp-json\/wp\/v2\/product_brand?post=1163"},{"taxonomy":"product_cat","embeddable":true,"href":"https:\/\/divingfuns.com\/es\/wp-json\/wp\/v2\/product_cat?post=1163"},{"taxonomy":"product_tag","embeddable":true,"href":"https:\/\/divingfuns.com\/es\/wp-json\/wp\/v2\/product_tag?post=1163"}],"curies":[{"name":"wp","href":"https:\/\/api.w.org\/{rel}","templated":true}]}}