{"id":1170,"date":"2024-04-18T16:54:31","date_gmt":"2024-04-18T16:54:31","guid":{"rendered":"https:\/\/divingfuns.com\/es\/?post_type=product&#038;p=1170"},"modified":"2025-02-03T16:18:00","modified_gmt":"2025-02-03T16:18:00","slug":"especialidad-buzo-con-traje-seco","status":"publish","type":"product","link":"https:\/\/divingfuns.com\/es\/product\/especialidad-buzo-con-traje-seco\/","title":{"rendered":"ESPECIALIDAD: Buzo con traje seco"},"content":{"rendered":"<p><b>Buzo &#8211; Traje Seco<\/b><\/p>\n<p>Quieres mantenerte caliente? \u00bfQuieres extender tu temporada de buceo? Luego bucea seco. Un traje seco te protege del agua y te mantiene c\u00f3modo, incluso en agua sorprendentemente fr\u00eda. Hay un buceo incre\u00edble en las regiones m\u00e1s fr\u00edas del mundo y, en algunas \u00e1reas, las condiciones son incluso mejores en los meses m\u00e1s fr\u00edos. Convertirse en un buzo con traje seco le permite ampliar sus l\u00edmites y bucear en m\u00e1s lugares, con m\u00e1s frecuencia.<\/p>\n<p>\ud83d\udd39 Edad m\u00ednima 10 a\u00f1os<br \/>\n\ud83d\udd39 Nivel Junior Open Water Diver<br \/>\n\ud83d\udd39 Duraci\u00f3n 12 horas<\/p>\n<p><strong>INCLUYE<\/strong><br \/>\n\ud83d\udd39 Teor\u00eda-Practica<br \/>\n\ud83d\udd39 Carnet De Certificaci\u00f3n<br \/>\n\ud83d\udd39 Equipo Para Entrenamiento<br \/>\n\ud83d\udd39 2 Inmersiones<br \/>\n\ud83d\udd39 Snack-Agua<br \/>\n\ud83d\udd39 Traslado hotel-punto buceo-hotel<br \/>\n\ud83d\udd39 Seguro Colasistencia<\/p>\n<p><strong>Nota:<\/strong> Cobraremos una tasa de cancelaci\u00f3n del 50% del abono si cancelas la reserva 72 horas antes de empezar la actividad.<br \/>\nCobramos una tasa de cancelaci\u00f3n del 70% del abono si cancelas la reserva 12 horas antes de empezar la actividad.<\/p>\n","protected":false},"excerpt":{"rendered":"<p>Quieres mantenerte caliente? \u00bfQuieres extender tu temporada de buceo? Luego bucea seco<\/p>\n","protected":false},"featured_media":1433,"comment_status":"open","ping_status":"closed","template":"","meta":[],"product_brand":[],"product_cat":[74],"product_tag":[50,56,90,88,89],"class_list":{"0":"post-1170","1":"product","2":"type-product","3":"status-publish","4":"has-post-thumbnail","6":"product_cat-especialidades","7":"product_tag-dive","8":"product_tag-diver","9":"product_tag-diving","10":"product_tag-educacion","11":"product_tag-especialidad","13":"first","14":"instock","15":"sale","16":"downloadable","17":"virtual","18":"purchasable","19":"product-type-simple"},"_links":{"self":[{"href":"https:\/\/divingfuns.com\/es\/wp-json\/wp\/v2\/product\/1170","targetHints":{"allow":["GET"]}}],"collection":[{"href":"https:\/\/divingfuns.com\/es\/wp-json\/wp\/v2\/product"}],"about":[{"href":"https:\/\/divingfuns.com\/es\/wp-json\/wp\/v2\/types\/product"}],"replies":[{"embeddable":true,"href":"https:\/\/divingfuns.com\/es\/wp-json\/wp\/v2\/comments?post=1170"}],"wp:featuredmedia":[{"embeddable":true,"href":"https:\/\/divingfuns.com\/es\/wp-json\/wp\/v2\/media\/1433"}],"wp:attachment":[{"href":"https:\/\/divingfuns.com\/es\/wp-json\/wp\/v2\/media?parent=1170"}],"wp:term":[{"taxonomy":"product_brand","embeddable":true,"href":"https:\/\/divingfuns.com\/es\/wp-json\/wp\/v2\/product_brand?post=1170"},{"taxonomy":"product_cat","embeddable":true,"href":"https:\/\/divingfuns.com\/es\/wp-json\/wp\/v2\/product_cat?post=1170"},{"taxonomy":"product_tag","embeddable":true,"href":"https:\/\/divingfuns.com\/es\/wp-json\/wp\/v2\/product_tag?post=1170"}],"curies":[{"name":"wp","href":"https:\/\/api.w.org\/{rel}","templated":true}]}}