{"id":1174,"date":"2024-04-18T17:04:12","date_gmt":"2024-04-18T17:04:12","guid":{"rendered":"https:\/\/divingfuns.com\/es\/?post_type=product&#038;p=1174"},"modified":"2025-05-29T12:48:21","modified_gmt":"2025-05-29T12:48:21","slug":"especialidad-proveedor-oxigeno-de-emergencia","status":"publish","type":"product","link":"https:\/\/divingfuns.com\/es\/product\/especialidad-proveedor-oxigeno-de-emergencia\/","title":{"rendered":"ESPECIALIDAD: Proveedor Ox\u00edgeno de Emergencia"},"content":{"rendered":"<p><strong>Proveedor Ox\u00edgeno &#8211; Emergencias<\/strong><\/p>\n<p>Saber c\u00f3mo y cu\u00e1ndo utilizar ox\u00edgeno de emergencia es una destreza magn\u00edfica y significa que estas preparado para ayudar a otros en caso de necesidad. Convi\u00e9rtete en Proveedor Ox\u00edgeno &#8211; Emergencias\u00a0te permite respirar tranquilo sabiendo que puedes reconocer enfermedades de buceo tratables con oxigeno de emergencia y estas preparado para ofrecer auxilio.<\/p>\n<p>No existen requisitos previos, restricciones de edad o sesiones en el agua obligatorio este curso est\u00e1 abierto a todo el mundo. Los buceadores aut\u00f3nomos snorkelers y cualquiera que est\u00e9 a lado de buceadores, tripulaci\u00f3n de barcos, salvavidas, etc. Se beneficiar\u00e1n de tener este curso.<\/p>\n<p>\ud83d\udd39 No hay edad m\u00ednima<br \/>\n\ud83d\udd39 Duraci\u00f3n 3 horas<\/p>\n<p><strong>INCLUYE<\/strong><br \/>\n\ud83d\udd39 Teor\u00eda-Practica<br \/>\n\ud83d\udd39 Carnet De Certificaci\u00f3n<br \/>\n\ud83d\udd39Equipo Para Entrenamiento<br \/>\n\ud83d\udd39 Snack-Agua<br \/>\n\ud83d\udd39 Seguro Colasistencia<\/p>\n<p>Nota: Cobraremos una tasa de cancelaci\u00f3n del 50% del abono si cancelas la reserva 72 horas antes de empezar la actividad.<br \/>\nCobramos una tasa de cancelaci\u00f3n del 70% del abono si cancelas la resera 12 horas antes de empezar la actividad.<\/p>\n","protected":false},"excerpt":{"rendered":"<p>Saber como y cuando utilizar ox\u00edgeno de emergencia es una destreza magn\u00edfica y significa que estas preparado para ayudar a otros\u00a0 en caso de necesidad.<\/p>\n","protected":false},"featured_media":1558,"comment_status":"open","ping_status":"closed","template":"","meta":[],"product_brand":[],"product_cat":[74],"product_tag":[],"class_list":{"0":"post-1174","1":"product","2":"type-product","3":"status-publish","4":"has-post-thumbnail","6":"product_cat-especialidades","8":"first","9":"instock","10":"sale","11":"downloadable","12":"virtual","13":"purchasable","14":"product-type-simple"},"_links":{"self":[{"href":"https:\/\/divingfuns.com\/es\/wp-json\/wp\/v2\/product\/1174","targetHints":{"allow":["GET"]}}],"collection":[{"href":"https:\/\/divingfuns.com\/es\/wp-json\/wp\/v2\/product"}],"about":[{"href":"https:\/\/divingfuns.com\/es\/wp-json\/wp\/v2\/types\/product"}],"replies":[{"embeddable":true,"href":"https:\/\/divingfuns.com\/es\/wp-json\/wp\/v2\/comments?post=1174"}],"wp:featuredmedia":[{"embeddable":true,"href":"https:\/\/divingfuns.com\/es\/wp-json\/wp\/v2\/media\/1558"}],"wp:attachment":[{"href":"https:\/\/divingfuns.com\/es\/wp-json\/wp\/v2\/media?parent=1174"}],"wp:term":[{"taxonomy":"product_brand","embeddable":true,"href":"https:\/\/divingfuns.com\/es\/wp-json\/wp\/v2\/product_brand?post=1174"},{"taxonomy":"product_cat","embeddable":true,"href":"https:\/\/divingfuns.com\/es\/wp-json\/wp\/v2\/product_cat?post=1174"},{"taxonomy":"product_tag","embeddable":true,"href":"https:\/\/divingfuns.com\/es\/wp-json\/wp\/v2\/product_tag?post=1174"}],"curies":[{"name":"wp","href":"https:\/\/api.w.org\/{rel}","templated":true}]}}