{"id":1186,"date":"2024-04-18T17:38:33","date_gmt":"2024-04-18T17:38:33","guid":{"rendered":"https:\/\/divingfuns.com\/es\/?post_type=product&#038;p=1186"},"modified":"2025-05-29T12:24:13","modified_gmt":"2025-05-29T12:24:13","slug":"especialidad-aire-enriquecido-nitrox","status":"publish","type":"product","link":"https:\/\/divingfuns.com\/es\/product\/especialidad-aire-enriquecido-nitrox\/","title":{"rendered":"ESPECIALIDAD: Aire Enriquecido NITROX"},"content":{"rendered":"<p><strong>Aire Enriquecido NITROX<\/strong><\/p>\n<p>El curso Nitrox\u00a0 de especialidad de buceo m\u00e1s popular. \u00bfPo qu\u00e9? Porque bucear con aire enriquecido te da m\u00e1s tiempo sin descompresi\u00f3n, especialmente en Inmersiones sucesivas. Si m\u00e1s rato debajo del agua y poder volver antes suena atractivo, entonces no dudes en convertirte en buceador con aire enriquecido.<\/p>\n<p>\ud83d\udd39 Edad m\u00ednima 12 a\u00f1os<br \/>\n\ud83d\udd39 Nivel Junior Open W\u00e1ter Diver<br \/>\n\ud83d\udd39 Duraci\u00f3n 18 horas<\/p>\n<p><strong>INCLUYE<\/strong><br \/>\n\ud83d\udd39 Teor\u00eda-Practica<br \/>\n\ud83d\udd39 Manual con Tabla<br \/>\n\ud83d\udd39 Carnet De Certificaci\u00f3n<br \/>\n\ud83d\udd39 Equipo Para Entrenamiento<br \/>\n\ud83d\udd39 2 Inmersiones<br \/>\n\ud83d\udd39 Snack-Agua<br \/>\n\ud83d\udd39 Traslado hotel-punto buceo-hotel<br \/>\n\ud83d\udd39 Seguro Colasistencia<\/p>\n<p><strong>Nota:<\/strong> Cobraremos una tasa de cancelaci\u00f3n del 50% del abono si cancelas la reserva 72 horas antes de empezar la actividad.<br \/>\nCobramos una tasa de cancelaci\u00f3n del 70% del abono si cancelas la resera 12 horas antes de empezar la actividad.<\/p>\n","protected":false},"excerpt":{"rendered":"<p>El curso Nitrox PADI de especialidad de buceo mas popular. \u00bfPo que? Porque bucear con aire enriquecido te da mas tiempo sin descompresi\u00f3n, especialmente en Inmersiones sucesivas.<\/p>\n","protected":false},"featured_media":1556,"comment_status":"open","ping_status":"closed","template":"","meta":[],"product_brand":[],"product_cat":[74],"product_tag":[90,88,89],"class_list":{"0":"post-1186","1":"product","2":"type-product","3":"status-publish","4":"has-post-thumbnail","6":"product_cat-especialidades","7":"product_tag-diving","8":"product_tag-educacion","9":"product_tag-especialidad","11":"first","12":"onbackorder","13":"downloadable","14":"virtual","15":"purchasable","16":"product-type-simple"},"_links":{"self":[{"href":"https:\/\/divingfuns.com\/es\/wp-json\/wp\/v2\/product\/1186","targetHints":{"allow":["GET"]}}],"collection":[{"href":"https:\/\/divingfuns.com\/es\/wp-json\/wp\/v2\/product"}],"about":[{"href":"https:\/\/divingfuns.com\/es\/wp-json\/wp\/v2\/types\/product"}],"replies":[{"embeddable":true,"href":"https:\/\/divingfuns.com\/es\/wp-json\/wp\/v2\/comments?post=1186"}],"wp:featuredmedia":[{"embeddable":true,"href":"https:\/\/divingfuns.com\/es\/wp-json\/wp\/v2\/media\/1556"}],"wp:attachment":[{"href":"https:\/\/divingfuns.com\/es\/wp-json\/wp\/v2\/media?parent=1186"}],"wp:term":[{"taxonomy":"product_brand","embeddable":true,"href":"https:\/\/divingfuns.com\/es\/wp-json\/wp\/v2\/product_brand?post=1186"},{"taxonomy":"product_cat","embeddable":true,"href":"https:\/\/divingfuns.com\/es\/wp-json\/wp\/v2\/product_cat?post=1186"},{"taxonomy":"product_tag","embeddable":true,"href":"https:\/\/divingfuns.com\/es\/wp-json\/wp\/v2\/product_tag?post=1186"}],"curies":[{"name":"wp","href":"https:\/\/api.w.org\/{rel}","templated":true}]}}