{"id":1193,"date":"2024-04-18T18:02:38","date_gmt":"2024-04-18T18:02:38","guid":{"rendered":"https:\/\/divingfuns.com\/es\/?post_type=product&#038;p=1193"},"modified":"2026-03-26T15:38:48","modified_gmt":"2026-03-26T15:38:48","slug":"especialidad-busqueda-y-recuperacion","status":"publish","type":"product","link":"https:\/\/divingfuns.com\/es\/product\/especialidad-busqueda-y-recuperacion\/","title":{"rendered":"ESPECIALIDAD: B\u00fasqueda &#8211; Recuperaci\u00f3n"},"content":{"rendered":"<p><strong>B\u00fasqueda &#8211; Recuperaci\u00f3n<\/strong><\/p>\n<p>Sucede: la gente deja caer cosas accidentalmente desde los muelles, desde los barcos o incluso mientras bucea. Si alguna vez perdiste algo en el agua y quisiste ir a buscarlo, entonces el curso de especialidad Search and Recovery Diver es para ti. Existen formas efectivas de buscar objetos bajo el agua que aumentan sus posibilidades de \u00e9xito. Y existen m\u00e9todos buenos y mejores para sacar a relucir elementos peque\u00f1os, grandes o simplemente inc\u00f3modos. La b\u00fasqueda y la recuperaci\u00f3n pueden ser un desaf\u00edo, pero muy divertidas.<\/p>\n<p>\ud83d\udd39 Edad m\u00ednima 12 a\u00f1os<br \/>\n\ud83d\udd39 Nivel Junior Advanced Open Water Diver<br \/>\n\ud83d\udd39 Duraci\u00f3n 4 horas<\/p>\n<p><strong>INCLUYE<\/strong><br \/>\n\ud83d\udd39 Teor\u00eda-Practica<br \/>\n\ud83d\udd39 Carnet De Certificaci\u00f3n<br \/>\n\ud83d\udd39 Equipo Para Entrenamiento<br \/>\n\ud83d\udd39 4 Inmersiones<br \/>\n\ud83d\udd39 Snack-Agua<br \/>\n\ud83d\udd39 Traslado hotel-punto buceo-hotel<br \/>\n\ud83d\udd39 Seguro Colasistencia<\/p>\n<p><strong>Nota<\/strong>: Cobraremos una tasa de cancelaci\u00f3n del 50% del abono si cancelas la reserva 72 horas antes de empezar la actividad.<br \/>\nCobramos una tasa de cancelaci\u00f3n del 70% del abono si cancelas la resera 12 horas antes de empezar la actividad.<\/p>\n","protected":false},"excerpt":{"rendered":"<p>Sucede: la gente deja caer cosas accidentalmente desde los muelles, desde los barcos o incluso mientras bucea.<\/p>\n","protected":false},"featured_media":1422,"comment_status":"open","ping_status":"closed","template":"","meta":[],"product_brand":[],"product_cat":[74],"product_tag":[],"class_list":{"0":"post-1193","1":"product","2":"type-product","3":"status-publish","4":"has-post-thumbnail","6":"product_cat-especialidades","8":"first","9":"instock","10":"sale","11":"downloadable","12":"virtual","13":"purchasable","14":"product-type-simple"},"_links":{"self":[{"href":"https:\/\/divingfuns.com\/es\/wp-json\/wp\/v2\/product\/1193","targetHints":{"allow":["GET"]}}],"collection":[{"href":"https:\/\/divingfuns.com\/es\/wp-json\/wp\/v2\/product"}],"about":[{"href":"https:\/\/divingfuns.com\/es\/wp-json\/wp\/v2\/types\/product"}],"replies":[{"embeddable":true,"href":"https:\/\/divingfuns.com\/es\/wp-json\/wp\/v2\/comments?post=1193"}],"wp:featuredmedia":[{"embeddable":true,"href":"https:\/\/divingfuns.com\/es\/wp-json\/wp\/v2\/media\/1422"}],"wp:attachment":[{"href":"https:\/\/divingfuns.com\/es\/wp-json\/wp\/v2\/media?parent=1193"}],"wp:term":[{"taxonomy":"product_brand","embeddable":true,"href":"https:\/\/divingfuns.com\/es\/wp-json\/wp\/v2\/product_brand?post=1193"},{"taxonomy":"product_cat","embeddable":true,"href":"https:\/\/divingfuns.com\/es\/wp-json\/wp\/v2\/product_cat?post=1193"},{"taxonomy":"product_tag","embeddable":true,"href":"https:\/\/divingfuns.com\/es\/wp-json\/wp\/v2\/product_tag?post=1193"}],"curies":[{"name":"wp","href":"https:\/\/api.w.org\/{rel}","templated":true}]}}