{"id":1225,"date":"2024-07-02T20:52:40","date_gmt":"2024-07-02T20:52:40","guid":{"rendered":"https:\/\/divingfuns.com\/es\/?post_type=product&#038;p=1225"},"modified":"2026-03-29T15:38:11","modified_gmt":"2026-03-29T15:38:11","slug":"experiencias-discover-scuba-diving-adicional","status":"publish","type":"product","link":"https:\/\/divingfuns.com\/es\/product\/experiencias-discover-scuba-diving-adicional\/","title":{"rendered":"EXPERIENCIAS: Discover Scuba Diving + Adicional"},"content":{"rendered":"<p><strong>Discover Scuba Diving + Adicional<\/strong><\/p>\n<p>\u00bfAlguna vez te has preguntado que se siente respirar bajo el agua? Si deseas probar el buceo, pero no estas lo suficientemente preparado para dar el salto a un curso de certificaci\u00f3n. Discover Scuba Diving es para ti, este programa se practica en una piscina, en la playa o desde una embarcaci\u00f3n, puedes probar el buceo cerca de tu casa o mientras estas de vacaciones en un destino de buceo es una r\u00e1pida y f\u00e1cil introducci\u00f3n a lo que se explora el mundo subacu\u00e1tico.<\/p>\n<p>\ud83d\udd39 Edad m\u00ednima 10 a\u00f1os<br \/>\n\ud83d\udd39 Duraci\u00f3n 4 horas<\/p>\n<p><strong>INCLUYE<\/strong><br \/>\n\ud83d\udd39 Teor\u00eda-Practica<br \/>\n\ud83d\udd39 2 Inmersiones<br \/>\n\ud83d\udd39 Snack-Agua<br \/>\n\ud83d\udd39 Traslado hotel-punto buceo-hotel<br \/>\n\ud83d\udd39 Seguro Colasistencia<\/p>\n<p><strong>Nota:<\/strong> Cobraremos una tasa de cancelaci\u00f3n del 50% del abono si cancelas la reserva 72 horas antes de empezar la actividad.<br \/>\nCobramos una tasa de cancelaci\u00f3n del 70% del abono si cancelas la resera 12 horas antes de<\/p>\n","protected":false},"excerpt":{"rendered":"<p>\u00bfAlguna vez te has preguntado que se siente respirar bajo el agua?<\/p>\n","protected":false},"featured_media":1534,"comment_status":"open","ping_status":"closed","template":"","meta":[],"product_brand":[],"product_cat":[75],"product_tag":[],"class_list":{"0":"post-1225","1":"product","2":"type-product","3":"status-publish","4":"has-post-thumbnail","6":"product_cat-experiencias","8":"first","9":"instock","10":"sale","11":"shipping-taxable","12":"purchasable","13":"product-type-simple"},"_links":{"self":[{"href":"https:\/\/divingfuns.com\/es\/wp-json\/wp\/v2\/product\/1225","targetHints":{"allow":["GET"]}}],"collection":[{"href":"https:\/\/divingfuns.com\/es\/wp-json\/wp\/v2\/product"}],"about":[{"href":"https:\/\/divingfuns.com\/es\/wp-json\/wp\/v2\/types\/product"}],"replies":[{"embeddable":true,"href":"https:\/\/divingfuns.com\/es\/wp-json\/wp\/v2\/comments?post=1225"}],"wp:featuredmedia":[{"embeddable":true,"href":"https:\/\/divingfuns.com\/es\/wp-json\/wp\/v2\/media\/1534"}],"wp:attachment":[{"href":"https:\/\/divingfuns.com\/es\/wp-json\/wp\/v2\/media?parent=1225"}],"wp:term":[{"taxonomy":"product_brand","embeddable":true,"href":"https:\/\/divingfuns.com\/es\/wp-json\/wp\/v2\/product_brand?post=1225"},{"taxonomy":"product_cat","embeddable":true,"href":"https:\/\/divingfuns.com\/es\/wp-json\/wp\/v2\/product_cat?post=1225"},{"taxonomy":"product_tag","embeddable":true,"href":"https:\/\/divingfuns.com\/es\/wp-json\/wp\/v2\/product_tag?post=1225"}],"curies":[{"name":"wp","href":"https:\/\/api.w.org\/{rel}","templated":true}]}}