{"id":1383,"date":"2024-07-18T13:52:20","date_gmt":"2024-07-18T13:52:20","guid":{"rendered":"https:\/\/divingfuns.com\/es\/?post_type=product&#038;p=1383"},"modified":"2024-07-18T13:52:20","modified_gmt":"2024-07-18T13:52:20","slug":"mascaras","status":"publish","type":"product","link":"https:\/\/divingfuns.com\/es\/product\/mascaras\/","title":{"rendered":"Mascaras"},"content":{"rendered":"<p><strong>Mascaras<\/strong><\/p>\n<p>Las m\u00e1scaras de buceo sirven para proteger nuestros ojos del agua, pero tambi\u00e9n para tener una visibilidad adecuada para apreciar las profundidades. Con nuestras m\u00e1scaras para bucear, podr\u00e1s sumergirte con la seguridad que necesitas con productos de alta gama.<\/p>\n","protected":false},"excerpt":{"rendered":"<p>Mascaras Las m\u00e1scaras de buceo sirven para proteger nuestros ojos del agua, pero tambi\u00e9n para tener una visibilidad adecuada para apreciar las profundidades. Con nuestras m\u00e1scaras para bucear, podr\u00e1s sumergirte [&hellip;]<\/p>\n","protected":false},"featured_media":1384,"comment_status":"open","ping_status":"closed","template":"","meta":[],"product_brand":[],"product_cat":[76,19],"product_tag":[],"class_list":{"0":"post-1383","1":"product","2":"type-product","3":"status-publish","4":"has-post-thumbnail","6":"product_cat-equipamiento","7":"product_cat-masks","9":"first","10":"instock","11":"shipping-taxable","12":"product-type-simple"},"_links":{"self":[{"href":"https:\/\/divingfuns.com\/es\/wp-json\/wp\/v2\/product\/1383","targetHints":{"allow":["GET"]}}],"collection":[{"href":"https:\/\/divingfuns.com\/es\/wp-json\/wp\/v2\/product"}],"about":[{"href":"https:\/\/divingfuns.com\/es\/wp-json\/wp\/v2\/types\/product"}],"replies":[{"embeddable":true,"href":"https:\/\/divingfuns.com\/es\/wp-json\/wp\/v2\/comments?post=1383"}],"wp:featuredmedia":[{"embeddable":true,"href":"https:\/\/divingfuns.com\/es\/wp-json\/wp\/v2\/media\/1384"}],"wp:attachment":[{"href":"https:\/\/divingfuns.com\/es\/wp-json\/wp\/v2\/media?parent=1383"}],"wp:term":[{"taxonomy":"product_brand","embeddable":true,"href":"https:\/\/divingfuns.com\/es\/wp-json\/wp\/v2\/product_brand?post=1383"},{"taxonomy":"product_cat","embeddable":true,"href":"https:\/\/divingfuns.com\/es\/wp-json\/wp\/v2\/product_cat?post=1383"},{"taxonomy":"product_tag","embeddable":true,"href":"https:\/\/divingfuns.com\/es\/wp-json\/wp\/v2\/product_tag?post=1383"}],"curies":[{"name":"wp","href":"https:\/\/api.w.org\/{rel}","templated":true}]}}