{"id":1386,"date":"2024-07-18T13:57:38","date_gmt":"2024-07-18T13:57:38","guid":{"rendered":"https:\/\/divingfuns.com\/es\/?post_type=product&#038;p=1386"},"modified":"2024-07-18T13:57:39","modified_gmt":"2024-07-18T13:57:39","slug":"computadores","status":"publish","type":"product","link":"https:\/\/divingfuns.com\/es\/product\/computadores\/","title":{"rendered":"Computadores"},"content":{"rendered":"<p><strong>Computadores<\/strong><\/p>\n<p>Un ordenador de buceo\u00a0suministra la informaci\u00f3n de la inmersi\u00f3n a tiempo real que necesitas para bucear correctamente. Un ordenador de buceo toma la informaci\u00f3n del tiempo y la profundidad y la aplica a un modelo de descompresi\u00f3n para controlar el nitr\u00f3geno disuelto en tu cuerpo durante una inmersi\u00f3n.<\/p>\n","protected":false},"excerpt":{"rendered":"<p>Computadores Un ordenador de buceo\u00a0suministra la informaci\u00f3n de la inmersi\u00f3n a tiempo real que necesitas para bucear correctamente. Un ordenador de buceo toma la informaci\u00f3n del tiempo y la profundidad [&hellip;]<\/p>\n","protected":false},"featured_media":1387,"comment_status":"open","ping_status":"closed","template":"","meta":[],"product_brand":[],"product_cat":[23,76],"product_tag":[],"class_list":{"0":"post-1386","1":"product","2":"type-product","3":"status-publish","4":"has-post-thumbnail","6":"product_cat-computers","7":"product_cat-equipamiento","9":"first","10":"instock","11":"shipping-taxable","12":"product-type-simple"},"_links":{"self":[{"href":"https:\/\/divingfuns.com\/es\/wp-json\/wp\/v2\/product\/1386","targetHints":{"allow":["GET"]}}],"collection":[{"href":"https:\/\/divingfuns.com\/es\/wp-json\/wp\/v2\/product"}],"about":[{"href":"https:\/\/divingfuns.com\/es\/wp-json\/wp\/v2\/types\/product"}],"replies":[{"embeddable":true,"href":"https:\/\/divingfuns.com\/es\/wp-json\/wp\/v2\/comments?post=1386"}],"wp:featuredmedia":[{"embeddable":true,"href":"https:\/\/divingfuns.com\/es\/wp-json\/wp\/v2\/media\/1387"}],"wp:attachment":[{"href":"https:\/\/divingfuns.com\/es\/wp-json\/wp\/v2\/media?parent=1386"}],"wp:term":[{"taxonomy":"product_brand","embeddable":true,"href":"https:\/\/divingfuns.com\/es\/wp-json\/wp\/v2\/product_brand?post=1386"},{"taxonomy":"product_cat","embeddable":true,"href":"https:\/\/divingfuns.com\/es\/wp-json\/wp\/v2\/product_cat?post=1386"},{"taxonomy":"product_tag","embeddable":true,"href":"https:\/\/divingfuns.com\/es\/wp-json\/wp\/v2\/product_tag?post=1386"}],"curies":[{"name":"wp","href":"https:\/\/api.w.org\/{rel}","templated":true}]}}