{"id":995,"date":"2023-07-05T00:56:48","date_gmt":"2023-07-05T00:56:48","guid":{"rendered":"https:\/\/divingfuns.com\/es\/?post_type=product&#038;p=995"},"modified":"2026-03-26T16:28:29","modified_gmt":"2026-03-26T16:28:29","slug":"curso-bubblemaker","status":"publish","type":"product","link":"https:\/\/divingfuns.com\/es\/product\/curso-bubblemaker\/","title":{"rendered":"CURSO 12 Bubblemaker"},"content":{"rendered":"<p><strong>Fabricante de Burbujas<\/strong><\/p>\n<p>Bubblemaker es tan divertido como suena &#8211; una oportunidad para que los ni\u00f1os suelten burbujas buceando. Los ni\u00f1os que tienen al menos 8 a\u00f1os de edad pueden utilizar el equipo de buceo para respirar bajo el agua y nadar en agua poco profunda. Haz una fiesta o celebra un cumplea\u00f1os organizando un memorable y emocionante evento Bubblemaker con amigos y familiares<\/p>\n<p>\ud83d\udd39 Edad m\u00ednima 8 a\u00f1os<br \/>\n\ud83d\udd39 Obligatoria una autorizaci\u00f3n patena<br \/>\n\ud83d\udd39 Duraci\u00f3n 1 hora<\/p>\n<p><strong>INCLUYE<\/strong><br \/>\n\ud83d\udd39 Teor\u00eda-Practica<br \/>\n\ud83d\udd39 Carnet De Certificaci\u00f3n<br \/>\n\ud83d\udd39 Equipo Para Entrenamiento<br \/>\n\ud83d\udd39 Practica aguas confinadas<br \/>\n\ud83d\udd39 Snack-Agua<br \/>\n\ud83d\udd39 Traslado hotel-punto buceo-hotel<br \/>\n\ud83d\udd39 Seguro Colasistencia<\/p>\n<p>Nota: Cobraremos una tasa de cancelaci\u00f3n del 50% del abono si cancelas la reserva 72 horas antes de empezar la actividad.<br \/>\nCobramos una tasa de cancelaci\u00f3n del 70% del abono si cancelas la reserva 12 horas antes de empezar la actividad<\/p>\n","protected":false},"excerpt":{"rendered":"<p>Fabricante de Burbujas Bubblemaker es tan divertido como suena &#8211; una oportunidad para que los ni\u00f1os suelten burbujas buceando. Los ni\u00f1os que tienen al menos 8 a\u00f1os de edad pueden [&hellip;]<\/p>\n","protected":false},"featured_media":1545,"comment_status":"open","ping_status":"closed","template":"","meta":[],"product_brand":[],"product_cat":[46],"product_tag":[],"class_list":{"0":"post-995","1":"product","2":"type-product","3":"status-publish","4":"has-post-thumbnail","6":"product_cat-cursos","8":"first","9":"onbackorder","10":"sale","11":"downloadable","12":"virtual","13":"purchasable","14":"product-type-simple"},"_links":{"self":[{"href":"https:\/\/divingfuns.com\/es\/wp-json\/wp\/v2\/product\/995","targetHints":{"allow":["GET"]}}],"collection":[{"href":"https:\/\/divingfuns.com\/es\/wp-json\/wp\/v2\/product"}],"about":[{"href":"https:\/\/divingfuns.com\/es\/wp-json\/wp\/v2\/types\/product"}],"replies":[{"embeddable":true,"href":"https:\/\/divingfuns.com\/es\/wp-json\/wp\/v2\/comments?post=995"}],"wp:featuredmedia":[{"embeddable":true,"href":"https:\/\/divingfuns.com\/es\/wp-json\/wp\/v2\/media\/1545"}],"wp:attachment":[{"href":"https:\/\/divingfuns.com\/es\/wp-json\/wp\/v2\/media?parent=995"}],"wp:term":[{"taxonomy":"product_brand","embeddable":true,"href":"https:\/\/divingfuns.com\/es\/wp-json\/wp\/v2\/product_brand?post=995"},{"taxonomy":"product_cat","embeddable":true,"href":"https:\/\/divingfuns.com\/es\/wp-json\/wp\/v2\/product_cat?post=995"},{"taxonomy":"product_tag","embeddable":true,"href":"https:\/\/divingfuns.com\/es\/wp-json\/wp\/v2\/product_tag?post=995"}],"curies":[{"name":"wp","href":"https:\/\/api.w.org\/{rel}","templated":true}]}}